{"id":208,"date":"2020-03-04T11:24:54","date_gmt":"2020-03-04T11:24:54","guid":{"rendered":"https:\/\/elmadaghukuk.com\/about-us\/"},"modified":"2025-12-23T18:51:15","modified_gmt":"2025-12-23T15:51:15","slug":"about-us-2","status":"publish","type":"page","link":"https:\/\/elmadaghukuk.com\/en\/about-us-2\/","title":{"rendered":"About Us"},"content":{"rendered":"<div data-elementor-type=\"wp-page\" data-elementor-id=\"208\" class=\"elementor elementor-208\">\n\t\t\t\t        <section class=\"elementor-section elementor-top-section elementor-element elementor-element-8006597 elementor-section-boxed elementor-section-height-default elementor-section-height-default\" data-id=\"8006597\" data-element_type=\"section\" data-e-type=\"section\">\n            \n                        <div class=\"elementor-container elementor-column-gap-extended\">\n                    <div class=\"elementor-column elementor-col-50 elementor-top-column elementor-element elementor-element-2437d68\" data-id=\"2437d68\" data-element_type=\"column\" data-e-type=\"column\">\n        <div class=\"elementor-widget-wrap elementor-element-populated\">\n                    \n        \t\t<div class=\"elementor-element elementor-element-9c349bf elementor-widget elementor-widget-ct_heading\" data-id=\"9c349bf\" data-element_type=\"widget\" data-e-type=\"widget\" data-widget_type=\"ct_heading.default\">\n\t\t\t\t<div class=\"elementor-widget-container\">\n\t\t\t\t\t<div class=\"ct-heading ct-heading-dot h-align-\" data-wow-duration=\"1.2s\">\r\n\t<div class=\"ct-heading--inner\">\r\n            \t\t<div class=\"item--sub-title style-default\">\r\n                <span>\r\n                       \r\n                    Elmada\u011f Law and Consultancy                            \r\n                <\/span>\r\n            <\/div>\r\n    \t                <h3 class=\"item--title\">\r\n                            <i class=\"dot-shape\">\r\n                    <i><\/i>\r\n                    <i><\/i>\r\n                    <i><\/i>\r\n                    <i><\/i>\r\n                    <i><\/i>\r\n                    <i><\/i>\r\n                <\/i>\r\n                        Based on knowledge, experience, and trust.        <\/h3>\r\n    <\/div>\r\n<\/div>\t\t\t\t<\/div>\n\t\t\t\t<\/div>\n\t\t\t\t<div class=\"elementor-element elementor-element-e0fac23 elementor-widget elementor-widget-ct_text_editor\" data-id=\"e0fac23\" data-element_type=\"widget\" data-e-type=\"widget\" data-widget_type=\"ct_text_editor.default\">\n\t\t\t\t<div class=\"elementor-widget-container\">\n\t\t\t\t\t<div id=\"ct_text_editor-e0fac23\" class=\"ct-text-editor\">\n\t<div class=\"ct-item--inner\">\n\t\t<div class=\"ct-inline-css\"  data-css=\"\t        \">\n\t    <\/div>\n\t\t<div class=\"ct-text-editor elementor-clearfix\"><p>Elmada\u011f Law and Consultancy is a law firm established in 1995 that also operates internationally. Since 1995, it has been providing consultancy services to individuals and legal entities in areas such as Public-Private Partnership (PPP), International Arbitration, Litigation, Real Estate, Mergers and Acquisitions; and offering comprehensive legal solutions and services in areas such as Commercial Law, Criminal Law, Enforcement Law, Energy Law, Administrative Law, Tax Law, Banking and Finance Law.<\/p>\n<p>\u00a0<\/p>\n<p>In addition, Elmada\u011f Law and Consultancy is honored to have provided legal support to major financial and administrative projects in T\u00fcrkiye.<\/p>\n<p>\u00a0<\/p>\n<p>Elmada\u011f Law and Consultancy provides legal services in many areas to major Turkish companies and international investors.<\/p>\n<p>\u00a0<\/p>\n<p>We provide comprehensive and high-quality legal services to leading global financial institutions and organizations through our partners located in Europe, Asia Pacific, North America, Africa, and the Middle East.<\/p>\n<p>\u00a0<\/p>\n<p>Elmada\u011f Law and Consultancy, which served from its central office in the Istanbul World Trade Center from 2009 to the end of 2016, continues to provide services from its new office located in Esentepe, \u015ei\u015fli, Istanbul as of 2017.<\/p>\n<p>Since its establishment, Elmada\u011f Law and Consultancy has continued to grow rapidly and is among the country&#039;s largest and most respected law firms. Elmada\u011f Law and Consultancy continues to expand the scope of services it offers to its clients every year.<\/p><\/div>\n\t<\/div>\n<\/div>\t\t\t\t<\/div>\n\t\t\t\t<\/div>\n\t\t            <\/div>\n        <\/div>\n                <div class=\"elementor-column elementor-col-50 elementor-top-column elementor-element elementor-element-ab06440\" data-id=\"ab06440\" data-element_type=\"column\" data-e-type=\"column\">\n        <div class=\"elementor-widget-wrap elementor-element-populated\">\n                    \n        \t\t<div class=\"elementor-element elementor-element-fb72c8e elementor-widget elementor-widget-ct_image\" data-id=\"fb72c8e\" data-element_type=\"widget\" data-e-type=\"widget\" data-widget_type=\"ct_image.default\">\n\t\t\t\t<div class=\"elementor-widget-container\">\n\t\t\t\t\t<div class=\"ct-image-single\" data-wow-duration=\"1.2s\" data-wow-delay=\"ms\">\r\n                        <img fetchpriority=\"high\" decoding=\"async\" width=\"494\" height=\"413\" src=\"https:\/\/elmadaghukuk.com\/wp-content\/uploads\/2025\/01\/elmadag-hukuk-anlasma.webp\" class=\"attachment-full\" alt=\"\" \/>            <\/div>\t\t\t\t<\/div>\n\t\t\t\t<\/div>\n\t\t\t\t<div class=\"elementor-element elementor-element-452de9f elementor-widget elementor-widget-ct_text_editor\" data-id=\"452de9f\" data-element_type=\"widget\" data-e-type=\"widget\" data-widget_type=\"ct_text_editor.default\">\n\t\t\t\t<div class=\"elementor-widget-container\">\n\t\t\t\t\t<div id=\"ct_text_editor-452de9f\" class=\"ct-text-editor\">\n\t<div class=\"ct-item--inner\">\n\t\t<div class=\"ct-inline-css\"  data-css=\"\t        \">\n\t    <\/div>\n\t\t<div class=\"ct-text-editor elementor-clearfix\"><p>Elmada\u011f Law and Consultancy provides its services both locally and internationally to its clients with advanced infrastructure systems and technological equipment befitting a modern law office. Elmada\u011f Law and Consultancy has been serving from its Ankara office since its establishment.<\/p>\n<p>As Elmada\u011f Law and Consultancy, we have provided consultancy services to PPP projects with a total value exceeding $30 billion. In this context, Elmada\u011f Law and Consultancy has provided legal services to the Ministry of Health of the Republic of Turkey within the scope of city hospital projects implemented using the PPP model, from the tender process to the commencement of the projects. Furthermore, Elmada\u011f Law and Consultancy participated in negotiations between the state, project companies, and credit institutions. In addition, we carried out the preparation and review of all project documents, direct agreements, and agreement plans.<\/p><\/div>\n\t<\/div>\n<\/div>\t\t\t\t<\/div>\n\t\t\t\t<\/div>\n\t\t            <\/div>\n        <\/div>\n                    <\/div>\n        <\/section>\n                <section class=\"elementor-section elementor-top-section elementor-element elementor-element-03c9441 elementor-section-stretched elementor-section-boxed elementor-section-height-default elementor-section-height-default\" data-id=\"03c9441\" data-element_type=\"section\" data-e-type=\"section\" data-settings=\"{&quot;stretch_section&quot;:&quot;section-stretched&quot;}\">\n            \n                        <div class=\"elementor-container elementor-column-gap-default\">\n                    <div class=\"elementor-column elementor-col-100 elementor-top-column elementor-element elementor-element-8e7cff8\" data-id=\"8e7cff8\" data-element_type=\"column\" data-e-type=\"column\">\n        <div class=\"elementor-widget-wrap\">\n                    \n                    <\/div>\n        <\/div>\n                    <\/div>\n        <\/section>\n                <section class=\"elementor-section elementor-top-section elementor-element elementor-element-b5f60ee elementor-section-stretched elementor-section-content-middle elementor-section-boxed elementor-section-height-default elementor-section-height-default\" data-id=\"b5f60ee\" data-element_type=\"section\" data-e-type=\"section\" data-settings=\"{&quot;stretch_section&quot;:&quot;section-stretched&quot;}\">\n            \n                        <div class=\"elementor-container elementor-column-gap-extended\">\n                    <div class=\"elementor-column elementor-col-100 elementor-top-column elementor-element elementor-element-e0b479e\" data-id=\"e0b479e\" data-element_type=\"column\" data-e-type=\"column\">\n        <div class=\"elementor-widget-wrap elementor-element-populated\">\n                    \n                <section class=\"elementor-section elementor-inner-section elementor-element elementor-element-7d99785 elementor-section-content-middle elementor-section-boxed elementor-section-height-default elementor-section-height-default\" data-id=\"7d99785\" data-element_type=\"section\" data-e-type=\"section\">\n            \n                        <div class=\"elementor-container elementor-column-gap-extended\">\n                    <div class=\"elementor-column elementor-col-50 elementor-inner-column elementor-element elementor-element-3f07854\" data-id=\"3f07854\" data-element_type=\"column\" data-e-type=\"column\">\n        <div class=\"elementor-widget-wrap elementor-element-populated\">\n                    \n        \t\t<div class=\"elementor-element elementor-element-496c561 elementor-widget elementor-widget-ct_heading\" data-id=\"496c561\" data-element_type=\"widget\" data-e-type=\"widget\" data-widget_type=\"ct_heading.default\">\n\t\t\t\t<div class=\"elementor-widget-container\">\n\t\t\t\t\t<div class=\"ct-heading ct-heading-line h-align-left\" data-wow-duration=\"1.2s\">\r\n\t<div class=\"ct-heading--inner\">\r\n                            <div class=\"line-divider\"><span><\/span><\/div>\r\n                <h3 class=\"item--title\">\r\n                                <\/h3>\r\n    <\/div>\r\n<\/div>\t\t\t\t<\/div>\n\t\t\t\t<\/div>\n\t\t            <\/div>\n        <\/div>\n                <div class=\"elementor-column elementor-col-50 elementor-inner-column elementor-element elementor-element-b621bf8\" data-id=\"b621bf8\" data-element_type=\"column\" data-e-type=\"column\">\n        <div class=\"elementor-widget-wrap elementor-element-populated\">\n                    \n        \t\t<div class=\"elementor-element elementor-element-5417fb5 elementor-widget elementor-widget-ct_text_editor\" data-id=\"5417fb5\" data-element_type=\"widget\" data-e-type=\"widget\" data-widget_type=\"ct_text_editor.default\">\n\t\t\t\t<div class=\"elementor-widget-container\">\n\t\t\t\t\t<div id=\"ct_text_editor-5417fb5\" class=\"ct-text-editor\">\n\t<div class=\"ct-item--inner\">\n\t\t<div class=\"ct-inline-css\"  data-css=\"\t        \">\n\t    <\/div>\n\t\t<div class=\"ct-text-editor elementor-clearfix\"><\/div>\n\t<\/div>\n<\/div>\t\t\t\t<\/div>\n\t\t\t\t<\/div>\n\t\t            <\/div>\n        <\/div>\n                    <\/div>\n        <\/section>\n                <section class=\"elementor-section elementor-inner-section elementor-element elementor-element-e3a8860 elementor-section-boxed elementor-section-height-default elementor-section-height-default\" data-id=\"e3a8860\" data-element_type=\"section\" data-e-type=\"section\">\n            \n                        <div class=\"elementor-container elementor-column-gap-extended\">\n                    <div class=\"elementor-column elementor-col-50 elementor-inner-column elementor-element elementor-element-982e045\" data-id=\"982e045\" data-element_type=\"column\" data-e-type=\"column\" data-settings=\"{&quot;background_background&quot;:&quot;classic&quot;}\">\n        <div class=\"elementor-widget-wrap elementor-element-populated\">\n                    \n        \t\t<div class=\"elementor-element elementor-element-50d6805 ct-counter-layout3 elementor-widget elementor-widget-ct_counter\" data-id=\"50d6805\" data-element_type=\"widget\" data-e-type=\"widget\" data-widget_type=\"ct_counter.default\">\n\t\t\t\t<div class=\"elementor-widget-container\">\n\t\t\t\t\t<div class=\"ct-counter ct-counter-layout3 style1 wow fadeInUp\" data-wow-delay=\"30ms\">\r\n    <div class=\"ct-counter-inner\">\r\n        <div class=\"ct-counter-holder\">\r\n                            <div class=\"item--icon\">\r\n                                    <\/div>\r\n                                    <div class=\"ct-counter-number\">\r\n                <span class=\"ct-counter-number-prefix\"><\/span>\r\n                <span class=\"ct-counter-number-value\" data-duration=\"2000\" data-to-value=\"1\" data-delimiter=\"\">1<\/span>\r\n                <span class=\"ct-counter-number-suffix\">+<\/span>\r\n            <\/div>\r\n        <\/div>\r\n                    <h4 class=\"ct-counter-title\">Your Partner for Global Solutions<\/h4>\r\n            <\/div>\r\n<\/div>\t\t\t\t<\/div>\n\t\t\t\t<\/div>\n\t\t            <\/div>\n        <\/div>\n                <div class=\"elementor-column elementor-col-50 elementor-inner-column elementor-element elementor-element-4498b51\" data-id=\"4498b51\" data-element_type=\"column\" data-e-type=\"column\">\n        <div class=\"elementor-widget-wrap elementor-element-populated\">\n                    \n        \t\t<div class=\"elementor-element elementor-element-b9b01d5 elementor-widget elementor-widget-ct_client_grid\" data-id=\"b9b01d5\" data-element_type=\"widget\" data-e-type=\"widget\" data-widget_type=\"ct_client_grid.default\">\n\t\t\t\t<div class=\"elementor-widget-container\">\n\t\t\t\t\t    <div id=\"ct_client_grid-b9b01d5\" class=\"ct-grid ct-client-grid1\">\r\n        <div class=\"ct-grid-inner ct-grid-masonry row animate-time\" data-gutter=\"7\">\r\n                                <div class=\"grid-item col-xl-3 col-lg-3 col-md-3 col-sm-3 col-3\">\r\n                        <div class=\"client-image\">\r\n                            <a href=\"https:\/\/www.hg.org\/\"><img decoding=\"async\" width=\"200\" height=\"200\" src=\"https:\/\/elmadaghukuk.com\/wp-content\/uploads\/2025\/01\/hgorg.png\" class=\"attachment-full\" alt=\"\" srcset=\"https:\/\/elmadaghukuk.com\/wp-content\/uploads\/2025\/01\/hgorg.png 200w, https:\/\/elmadaghukuk.com\/wp-content\/uploads\/2025\/01\/hgorg-150x150.png 150w\" sizes=\"(max-width: 200px) 100vw, 200px\" \/><\/a>\r\n                        <\/div>\r\n                    <\/div>\r\n                                                <div class=\"grid-item col-xl-3 col-lg-3 col-md-3 col-sm-3 col-3\">\r\n                        <div class=\"client-image\">\r\n                            <a href=\"https:\/\/www.legal500.com\/\"><img decoding=\"async\" width=\"200\" height=\"200\" src=\"https:\/\/elmadaghukuk.com\/wp-content\/uploads\/2025\/01\/legal500.jpg\" class=\"attachment-full\" alt=\"\" srcset=\"https:\/\/elmadaghukuk.com\/wp-content\/uploads\/2025\/01\/legal500.jpg 200w, https:\/\/elmadaghukuk.com\/wp-content\/uploads\/2025\/01\/legal500-150x150.jpg 150w\" sizes=\"(max-width: 200px) 100vw, 200px\" \/><\/a>\r\n                        <\/div>\r\n                    <\/div>\r\n                                                <div class=\"grid-item col-xl-3 col-lg-3 col-md-3 col-sm-3 col-3\">\r\n                        <div class=\"client-image\">\r\n                            <a href=\"https:\/\/www.ibanet.org\/\"><img loading=\"lazy\" decoding=\"async\" width=\"200\" height=\"200\" src=\"https:\/\/elmadaghukuk.com\/wp-content\/uploads\/2025\/01\/ibanetlogo.png\" class=\"attachment-full\" alt=\"\" srcset=\"https:\/\/elmadaghukuk.com\/wp-content\/uploads\/2025\/01\/ibanetlogo.png 200w, https:\/\/elmadaghukuk.com\/wp-content\/uploads\/2025\/01\/ibanetlogo-150x150.png 150w\" sizes=\"(max-width: 200px) 100vw, 200px\" \/><\/a>\r\n                        <\/div>\r\n                    <\/div>\r\n                                                <div class=\"grid-item col-xl-3 col-lg-3 col-md-3 col-sm-3 col-3\">\r\n                        <div class=\"client-image\">\r\n                            <a href=\"https:\/\/www.bcct.org.tr\"><img loading=\"lazy\" decoding=\"async\" width=\"200\" height=\"200\" src=\"https:\/\/elmadaghukuk.com\/wp-content\/uploads\/2025\/01\/bcctlogo.png\" class=\"attachment-full\" alt=\"\" srcset=\"https:\/\/elmadaghukuk.com\/wp-content\/uploads\/2025\/01\/bcctlogo.png 200w, https:\/\/elmadaghukuk.com\/wp-content\/uploads\/2025\/01\/bcctlogo-150x150.png 150w\" sizes=\"(max-width: 200px) 100vw, 200px\" \/><\/a>\r\n                        <\/div>\r\n                    <\/div>\r\n                                                <div class=\"grid-item col-xl-3 col-lg-3 col-md-3 col-sm-3 col-3\">\r\n                        <div class=\"client-image\">\r\n                            <a href=\"https:\/\/turkiye.ahk.de\/tr\"><img loading=\"lazy\" decoding=\"async\" width=\"200\" height=\"200\" src=\"https:\/\/elmadaghukuk.com\/wp-content\/uploads\/2025\/01\/ahklogo-2.png\" class=\"attachment-full\" alt=\"\" srcset=\"https:\/\/elmadaghukuk.com\/wp-content\/uploads\/2025\/01\/ahklogo-2.png 200w, https:\/\/elmadaghukuk.com\/wp-content\/uploads\/2025\/01\/ahklogo-2-150x150.png 150w\" sizes=\"(max-width: 200px) 100vw, 200px\" \/><\/a>\r\n                        <\/div>\r\n                    <\/div>\r\n                                                <div class=\"grid-item col-xl-3 col-lg-3 col-md-3 col-sm-3 col-3\">\r\n                        <div class=\"client-image\">\r\n                            <a href=\"https:\/\/www.deik.org.tr\/\"><img loading=\"lazy\" decoding=\"async\" width=\"200\" height=\"200\" src=\"https:\/\/elmadaghukuk.com\/wp-content\/uploads\/2025\/01\/deik-logo.png\" class=\"attachment-full\" alt=\"\" srcset=\"https:\/\/elmadaghukuk.com\/wp-content\/uploads\/2025\/01\/deik-logo.png 200w, https:\/\/elmadaghukuk.com\/wp-content\/uploads\/2025\/01\/deik-logo-150x150.png 150w\" sizes=\"(max-width: 200px) 100vw, 200px\" \/><\/a>\r\n                        <\/div>\r\n                    <\/div>\r\n                                                <div class=\"grid-item col-xl-3 col-lg-3 col-md-3 col-sm-3 col-3\">\r\n                        <div class=\"client-image\">\r\n                            <a href=\"https:\/\/istac.org.tr\/\"><img loading=\"lazy\" decoding=\"async\" width=\"200\" height=\"200\" src=\"https:\/\/elmadaghukuk.com\/wp-content\/uploads\/2025\/01\/istaclogo2.png\" class=\"attachment-full\" alt=\"\" srcset=\"https:\/\/elmadaghukuk.com\/wp-content\/uploads\/2025\/01\/istaclogo2.png 200w, https:\/\/elmadaghukuk.com\/wp-content\/uploads\/2025\/01\/istaclogo2-150x150.png 150w\" sizes=\"(max-width: 200px) 100vw, 200px\" \/><\/a>\r\n                        <\/div>\r\n                    <\/div>\r\n                                                <div class=\"grid-item col-xl-3 col-lg-3 col-md-3 col-sm-3 col-3\">\r\n                        <div class=\"client-image\">\r\n                            <a href=\"https:\/\/amcham.org\/\"><img loading=\"lazy\" decoding=\"async\" width=\"200\" height=\"200\" src=\"https:\/\/elmadaghukuk.com\/wp-content\/uploads\/2025\/01\/taba-logo.png\" class=\"attachment-full\" alt=\"\" srcset=\"https:\/\/elmadaghukuk.com\/wp-content\/uploads\/2025\/01\/taba-logo.png 200w, https:\/\/elmadaghukuk.com\/wp-content\/uploads\/2025\/01\/taba-logo-150x150.png 150w\" sizes=\"(max-width: 200px) 100vw, 200px\" \/><\/a>\r\n                        <\/div>\r\n                    <\/div>\r\n                                        \r\n            \r\n            <div class=\"grid-sizer col-xl-3 col-lg-3 col-md-3 col-sm-3 col-3\"><\/div>\r\n        <\/div>\r\n    <\/div>\r\n\t\t\t\t<\/div>\n\t\t\t\t<\/div>\n\t\t            <\/div>\n        <\/div>\n                    <\/div>\n        <\/section>\n                    <\/div>\n        <\/div>\n                    <\/div>\n        <\/section>\n        \t\t<\/div>","protected":false},"excerpt":{"rendered":"<p>Elmada\u011f Avukatl\u0131k ve Dan\u0131\u015fmanl\u0131k Bilgi, tecr\u00fcbe ve g\u00fcvene dayal\u0131 Elmada\u011f\u00a0Avukatl\u0131k ve Dan\u0131\u015fmanl\u0131k\u00a01995 y\u0131l\u0131nda kurulmu\u015f uluslararas\u0131 alanda da faaliyet g\u00f6steren bir hukuk b\u00fcrosudur. 1995\u2019ten beri ger\u00e7ek ve t\u00fczel ki\u015filere Kamu-\u00d6zel Ortakl\u0131\u011f\u0131 (PPP), Uluslararas\u0131 Tahkim, Dava, Gayrimenkul, Birle\u015fme ve Devralma gibi alanlarda dan\u0131\u015fmanl\u0131k; Ticaret, Ceza, \u0130cra, Enerji, \u0130dare, Vergi, Bankac\u0131l\u0131k ve Finans Hukuku gibi alanlarda kapsaml\u0131 hukuki [&hellip;]<\/p>\n","protected":false},"author":1,"featured_media":0,"parent":0,"menu_order":0,"comment_status":"closed","ping_status":"closed","template":"","meta":{"footnotes":""},"class_list":["post-208","page","type-page","status-publish","hentry"],"_links":{"self":[{"href":"https:\/\/elmadaghukuk.com\/en\/wp-json\/wp\/v2\/pages\/208","targetHints":{"allow":["GET"]}}],"collection":[{"href":"https:\/\/elmadaghukuk.com\/en\/wp-json\/wp\/v2\/pages"}],"about":[{"href":"https:\/\/elmadaghukuk.com\/en\/wp-json\/wp\/v2\/types\/page"}],"author":[{"embeddable":true,"href":"https:\/\/elmadaghukuk.com\/en\/wp-json\/wp\/v2\/users\/1"}],"replies":[{"embeddable":true,"href":"https:\/\/elmadaghukuk.com\/en\/wp-json\/wp\/v2\/comments?post=208"}],"version-history":[{"count":13,"href":"https:\/\/elmadaghukuk.com\/en\/wp-json\/wp\/v2\/pages\/208\/revisions"}],"predecessor-version":[{"id":7567,"href":"https:\/\/elmadaghukuk.com\/en\/wp-json\/wp\/v2\/pages\/208\/revisions\/7567"}],"wp:attachment":[{"href":"https:\/\/elmadaghukuk.com\/en\/wp-json\/wp\/v2\/media?parent=208"}],"curies":[{"name":"wp","href":"https:\/\/api.w.org\/{rel}","templated":true}]}}