{"id":24,"date":"2020-03-04T02:31:30","date_gmt":"2020-03-04T02:31:30","guid":{"rendered":"https:\/\/elmadaghukuk.com\/contact\/"},"modified":"2025-12-23T19:15:00","modified_gmt":"2025-12-23T16:15:00","slug":"communication","status":"publish","type":"page","link":"https:\/\/elmadaghukuk.com\/en\/communication\/","title":{"rendered":"Communication"},"content":{"rendered":"<div data-elementor-type=\"wp-page\" data-elementor-id=\"24\" class=\"elementor elementor-24\">\n\t\t\t\t        <section class=\"elementor-section elementor-top-section elementor-element elementor-element-93ebfb6 elementor-section-boxed elementor-section-height-default elementor-section-height-default\" data-id=\"93ebfb6\" data-element_type=\"section\" data-e-type=\"section\">\n            \n                        <div class=\"elementor-container elementor-column-gap-extended\">\n                    <div class=\"elementor-column elementor-col-100 elementor-top-column elementor-element elementor-element-b3ba544\" data-id=\"b3ba544\" data-element_type=\"column\" data-e-type=\"column\">\n        <div class=\"elementor-widget-wrap elementor-element-populated\">\n                    \n                <section class=\"elementor-section elementor-inner-section elementor-element elementor-element-96eca65 elementor-section-content-middle elementor-section-boxed elementor-section-height-default elementor-section-height-default\" data-id=\"96eca65\" data-element_type=\"section\" data-e-type=\"section\">\n            \n                        <div class=\"elementor-container elementor-column-gap-extended\">\n                    <div class=\"elementor-column elementor-col-50 elementor-inner-column elementor-element elementor-element-273f6a4\" data-id=\"273f6a4\" data-element_type=\"column\" data-e-type=\"column\">\n        <div class=\"elementor-widget-wrap elementor-element-populated\">\n                    \n        \t\t<div class=\"elementor-element elementor-element-dce6799 elementor-widget elementor-widget-ct_heading\" data-id=\"dce6799\" data-element_type=\"widget\" data-e-type=\"widget\" data-widget_type=\"ct_heading.default\">\n\t\t\t\t<div class=\"elementor-widget-container\">\n\t\t\t\t\t<div class=\"ct-heading ct-heading-dot h-align-\" data-wow-duration=\"1.2s\">\r\n\t<div class=\"ct-heading--inner\">\r\n            \t\t<div class=\"item--sub-title style-default\">\r\n                <span>\r\n                       \r\n                    Communication                            \r\n                <\/span>\r\n            <\/div>\r\n    \t                <h3 class=\"item--title\">\r\n                            <i class=\"dot-shape\">\r\n                    <i><\/i>\r\n                    <i><\/i>\r\n                    <i><\/i>\r\n                    <i><\/i>\r\n                    <i><\/i>\r\n                    <i><\/i>\r\n                <\/i>\r\n                        Get in touch for innovative legal solutions.        <\/h3>\r\n    <\/div>\r\n<\/div>\t\t\t\t<\/div>\n\t\t\t\t<\/div>\n\t\t            <\/div>\n        <\/div>\n                <div class=\"elementor-column elementor-col-50 elementor-inner-column elementor-element elementor-element-f51cb6e\" data-id=\"f51cb6e\" data-element_type=\"column\" data-e-type=\"column\">\n        <div class=\"elementor-widget-wrap elementor-element-populated\">\n                    \n        \t\t<div class=\"elementor-element elementor-element-e40c75f elementor-widget elementor-widget-ct_text_editor\" data-id=\"e40c75f\" data-element_type=\"widget\" data-e-type=\"widget\" data-widget_type=\"ct_text_editor.default\">\n\t\t\t\t<div class=\"elementor-widget-container\">\n\t\t\t\t\t<div id=\"ct_text_editor-e40c75f\" class=\"ct-text-editor\">\n\t<div class=\"ct-item--inner\">\n\t\t<div class=\"ct-inline-css\"  data-css=\"\t        \">\n\t    <\/div>\n\t\t<div class=\"ct-text-editor elementor-clearfix\"><p>We are very close to you.<br \/>Elmada\u011f Law and Consultancy provides comprehensive, reliable, and high-quality services to institutions and businesses of all sizes operating in various sectors throughout all their legal processes.<br \/>With our experienced team of lawyers, we develop solutions tailored to our clients&#039; needs; we demonstrate a professional, accessible, and results-oriented approach at every stage.<\/p><\/div>\n\t<\/div>\n<\/div>\t\t\t\t<\/div>\n\t\t\t\t<\/div>\n\t\t            <\/div>\n        <\/div>\n                    <\/div>\n        <\/section>\n                <section class=\"elementor-section elementor-inner-section elementor-element elementor-element-6f4f5c0 elementor-section-boxed elementor-section-height-default elementor-section-height-default\" data-id=\"6f4f5c0\" data-element_type=\"section\" data-e-type=\"section\">\n            \n                        <div class=\"elementor-container elementor-column-gap-extended\">\n                    <div class=\"elementor-column elementor-col-50 elementor-inner-column elementor-element elementor-element-3400e06\" data-id=\"3400e06\" data-element_type=\"column\" data-e-type=\"column\">\n        <div class=\"elementor-widget-wrap elementor-element-populated\">\n                    \n        \t\t<div class=\"elementor-element elementor-element-d0f1b6c elementor-widget elementor-widget-ct_image\" data-id=\"d0f1b6c\" data-element_type=\"widget\" data-e-type=\"widget\" data-widget_type=\"ct_image.default\">\n\t\t\t\t<div class=\"elementor-widget-container\">\n\t\t\t\t\t<div class=\"ct-image-single\" data-wow-duration=\"1.2s\" data-wow-delay=\"ms\">\r\n                        <img fetchpriority=\"high\" decoding=\"async\" width=\"538\" height=\"791\" src=\"https:\/\/elmadaghukuk.com\/wp-content\/uploads\/2025\/12\/elmadag-iletisim-location.png\" class=\"attachment-full\" alt=\"\" \/>            <\/div>\t\t\t\t<\/div>\n\t\t\t\t<\/div>\n\t\t            <\/div>\n        <\/div>\n                <div class=\"elementor-column elementor-col-50 elementor-inner-column elementor-element elementor-element-0237094\" data-id=\"0237094\" data-element_type=\"column\" data-e-type=\"column\">\n        <div class=\"elementor-widget-wrap elementor-element-populated\">\n                    \n        \t\t<div class=\"elementor-element elementor-element-2c78e3c elementor-widget elementor-widget-html\" data-id=\"2c78e3c\" data-element_type=\"widget\" data-e-type=\"widget\" data-widget_type=\"html.default\">\n\t\t\t\t<div class=\"elementor-widget-container\">\n\t\t\t\t\t<!DOCTYPE html>\r\n<html lang=\"tr\">\r\n<head>\r\n    <meta charset=\"UTF-8\">\r\n    <meta name=\"viewport\" content=\"width=device-width, initial-scale=1.0\">\r\n    <title>Contact Information<\/title>\r\n    <style>\r\n        .elmadagh-contact-reset * {\r\n            margin: 0;\r\n            padding: 0;\r\n            box-sizing: border-box;\r\n        }\r\n\r\n        .elmadagh-contact-wrapper {\r\n            font-family: 'Segoe UI', Tahoma, Geneva, Verdana, sans-serif;\r\n            background: transparent;\r\n            padding: 40px 20px;\r\n        }\r\n\r\n        .elmadagh-contact-container {\r\n            max-width: 1200px;\r\n            margin: 0 auto;\r\n            display: grid;\r\n            grid-template-columns: repeat(auto-fit, minmax(280px, 1fr));\r\n            gap: 30px;\r\n        }\r\n\r\n        .elmadagh-contact-card {\r\n            background: white;\r\n            border-radius: 12px;\r\n            padding: 25px;\r\n            box-shadow: 0 2px 10px rgba(0, 0, 0, 0.08);\r\n            display: flex;\r\n            gap: 20px;\r\n            align-items: flex-start;\r\n            transition: transform 0.3s ease, box-shadow 0.3s ease;\r\n        }\r\n\r\n        .elmadagh-contact-card:hover {\r\n            transform: translateY(-5px);\r\n            box-shadow: 0 5px 20px rgba(0, 0, 0, 0.12);\r\n        }\r\n\r\n        .elmadagh-icon-box {\r\n            width: 50px;\r\n            height: 50px;\r\n            background: #212F75;\r\n            border-radius: 10px;\r\n            display: flex;\r\n            align-items: center;\r\n            justify-content: center;\r\n            flex-shrink: 0;\r\n            transition: transform 0.3s ease;\r\n        }\r\n\r\n        .elmadagh-contact-card:hover .elmadagh-icon-box {\r\n            transform: scale(1.1) rotate(5deg);\r\n        }\r\n\r\n        .elmadagh-icon-box svg {\r\n            width: 26px;\r\n            height: 26px;\r\n            fill: white;\r\n        }\r\n\r\n        .elmadagh-contact-text {\r\n            flex: 1;\r\n        }\r\n\r\n        .elmadagh-contact-heading {\r\n            font-size: 18px;\r\n            font-weight: 700;\r\n            color: #212F75;\r\n            margin-bottom: 8px;\r\n        }\r\n\r\n        .elmadagh-contact-details {\r\n            font-size: 14px;\r\n            color: #666;\r\n            line-height: 1.6;\r\n        }\r\n\r\n        .elmadagh-contact-details a {\r\n            color: #212F75;\r\n            text-decoration: none;\r\n            transition: color 0.3s ease;\r\n        }\r\n\r\n        .elmadagh-contact-details a:hover {\r\n            color: #3a4d9e;\r\n        }\r\n\r\n        @media (max-width: 768px) {\r\n            .elmadagh-contact-container {\r\n                gap: 20px;\r\n            }\r\n            \r\n            .elmadagh-contact-card {\r\n                padding: 20px;\r\n            }\r\n        }\r\n    <\/style>\r\n<\/head>\r\n<body>\r\n    <div class=\"elmadagh-contact-wrapper\">\r\n        <div class=\"elmadagh-contact-container\">\r\n            <div class=\"elmadagh-contact-card\">\r\n                <div class=\"elmadagh-icon-box\">\r\n                    <svg viewbox=\"0 0 24 24\" xmlns=\"http:\/\/www.w3.org\/2000\/svg\">\r\n                        <path d=\"M12 2C8.13 2 5 5.13 5 9c0 5.25 7 13 7 13s7-7.75 7-13c0-3.87-3.13-7-7-7zm0 9.5c-1.38 0-2.5-1.12-2.5-2.5s1.12-2.5 2.5-2.5 2.5 1.12 2.5 2.5-1.12 2.5-2.5 2.5z\"\/>\r\n                    <\/svg>\r\n                <\/div>\r\n                <div class=\"elmadagh-contact-text\">\r\n                    <div class=\"elmadagh-contact-heading\">Address<\/div>\r\n                    <div class=\"elmadagh-contact-details\">\r\n                        Esentepe Neighborhood, B\u00fcy\u00fckdere Street, Keskin Kalem Street, No:17\/7, ARYA Plaza 34394, \u015ei\u015fli \/ Istanbul\r\n                    <\/div>\r\n                <\/div>\r\n            <\/div>\r\n\r\n            <div class=\"elmadagh-contact-card\">\r\n                <div class=\"elmadagh-icon-box\">\r\n                    <svg viewbox=\"0 0 24 24\" xmlns=\"http:\/\/www.w3.org\/2000\/svg\">\r\n                        <path d=\"M12 2C8.13 2 5 5.13 5 9c0 5.25 7 13 7 13s7-7.75 7-13c0-3.87-3.13-7-7-7zm0 9.5c-1.38 0-2.5-1.12-2.5-2.5s1.12-2.5 2.5-2.5 2.5 1.12 2.5 2.5-1.12 2.5-2.5 2.5z\"\/>\r\n                    <\/svg>\r\n                <\/div>\r\n                <div class=\"elmadagh-contact-text\">\r\n                    <div class=\"elmadagh-contact-heading\">Address<\/div>\r\n                    <div class=\"elmadagh-contact-details\">\r\n                        Weena 690, 3012CN Rotterdam \/ Netherlands\r\n                    <\/div>\r\n                <\/div>\r\n            <\/div>\r\n\r\n            <div class=\"elmadagh-contact-card\">\r\n                <div class=\"elmadagh-icon-box\">\r\n                    <svg viewbox=\"0 0 24 24\" xmlns=\"http:\/\/www.w3.org\/2000\/svg\">\r\n                        <path d=\"M6.62 10.79c1.44 2.83 3.76 5.14 6.59 6.59l2.2-2.2c.27-.27.67-.36 1.02-.24 1.12.37 2.33.57 3.57.57.55 0 1 .45 1 1V20c0 .55-.45 1-1 1-9.39 0-17-7.61-17-17 0-.55.45-1 1-1h3.5c.55 0 1 .45 1 1 0 1.25.2 2.45.57 3.57.11.35.03.74-.25 1.02l-2.2 2.2z\"\/>\r\n                    <\/svg>\r\n                <\/div>\r\n                <div class=\"elmadagh-contact-text\">\r\n                    <div class=\"elmadagh-contact-heading\">Telephone<\/div>\r\n                    <div class=\"elmadagh-contact-details\">\r\n                        <a href=\"tel:+902122882868\">+90 (212) 288 28 68<\/a>\r\n                    <\/div>\r\n                <\/div>\r\n            <\/div>\r\n\r\n            <div class=\"elmadagh-contact-card\">\r\n                <div class=\"elmadagh-icon-box\">\r\n                    <svg viewbox=\"0 0 24 24\" xmlns=\"http:\/\/www.w3.org\/2000\/svg\">\r\n                        <path d=\"M20 4H4c-1.1 0-1.99.9-1.99 2L2 18c0 1.1.9 2 2 2h16c1.1 0 2-.9 2-2V6c0-1.1-.9-2-2-2zm0 4l-8 5-8-5V6l8 5 8-5v2z\"\/>\r\n                    <\/svg>\r\n                <\/div>\r\n                <div class=\"elmadagh-contact-text\">\r\n                    <div class=\"elmadagh-contact-heading\">Mail<\/div>\r\n                    <div class=\"elmadagh-contact-details\">\r\n                        <a href=\"mailto:info@elmadaghukuk.com\">info@elmadaghukuk.com<\/a>\r\n                    <\/div>\r\n                <\/div>\r\n            <\/div>\r\n        <\/div>\r\n    <\/div>\r\n<\/body>\r\n<\/html>\t\t\t\t<\/div>\n\t\t\t\t<\/div>\n\t\t            <\/div>\n        <\/div>\n                    <\/div>\n        <\/section>\n                    <\/div>\n        <\/div>\n                    <\/div>\n        <\/section>\n                <section class=\"elementor-section elementor-top-section elementor-element elementor-element-7a2c29a elementor-section-stretched elementor-section-full_width elementor-section-height-default elementor-section-height-default\" data-id=\"7a2c29a\" data-element_type=\"section\" data-e-type=\"section\" data-settings=\"{&quot;stretch_section&quot;:&quot;section-stretched&quot;}\">\n            \n                        <div class=\"elementor-container elementor-column-gap-no\">\n                    <div class=\"elementor-column elementor-col-100 elementor-top-column elementor-element elementor-element-c334270\" data-id=\"c334270\" data-element_type=\"column\" data-e-type=\"column\">\n        <div class=\"elementor-widget-wrap elementor-element-populated\">\n                    \n        \t\t<div class=\"elementor-element elementor-element-6bca734 elementor-widget elementor-widget-google_maps\" data-id=\"6bca734\" data-element_type=\"widget\" data-e-type=\"widget\" data-widget_type=\"google_maps.default\">\n\t\t\t\t<div class=\"elementor-widget-container\">\n\t\t\t\t\t\t\t<div class=\"elementor-custom-embed\">\n\t\t\t<iframe loading=\"lazy\"\n\t\t\t\t\tsrc=\"https:\/\/maps.google.com\/maps?q=Esentepe%20Mahallesi%2C%20B%C3%BCy%C3%BCkdere%20Caddesi%2C%20Keskin%20Kalem%20Sokak%2C%20No%3A17%2F7%2C%20ARYA%20Plaza%2034394%2C%20%C5%9Ei%C5%9Fli%20%2F%20%C4%B0stanbul&#038;t=m&#038;z=16&#038;output=embed&#038;iwloc=near\"\n\t\t\t\t\ttitle=\"Esentepe Neighborhood, B\u00fcy\u00fckdere Street, Keskin Kalem Street, No:17\/7, ARYA Plaza 34394, \u015ei\u015fli \/ Istanbul\"\n\t\t\t\t\taria-label=\"Esentepe Neighborhood, B\u00fcy\u00fckdere Street, Keskin Kalem Street, No:17\/7, ARYA Plaza 34394, \u015ei\u015fli \/ Istanbul\"\n\t\t\t><\/iframe>\n\t\t<\/div>\n\t\t\t\t\t\t<\/div>\n\t\t\t\t<\/div>\n\t\t            <\/div>\n        <\/div>\n                    <\/div>\n        <\/section>\n        \t\t<\/div>","protected":false},"excerpt":{"rendered":"<p>\u0130leti\u015fim Yarat\u0131c\u0131 hukuk \u00e7\u00f6z\u00fcmleri i\u00e7in ileti\u015fime\u00a0ge\u00e7in. Size \u00c7ok Yak\u0131n\u0131zElmada\u011f Avukatl\u0131k ve Dan\u0131\u015fmanl\u0131k, farkl\u0131 sekt\u00f6rlerde faaliyet g\u00f6steren her \u00f6l\u00e7ekteki kurum ve i\u015fletmeye, t\u00fcm hukuki s\u00fcre\u00e7lerinde kapsaml\u0131, g\u00fcvenilir ve nitelikli hizmet sunar.Deneyimli avukat kadromuzla, m\u00fcvekkillerimizin ihtiya\u00e7lar\u0131na \u00f6zel \u00e7\u00f6z\u00fcmler geli\u015ftirir; her a\u015famada profesyonel, ula\u015f\u0131labilir ve sonu\u00e7 odakl\u0131 bir yakla\u015f\u0131m\u00a0sergileriz. \u0130leti\u015fim Bilgileri Adres Esentepe Mahallesi, B\u00fcy\u00fckdere Caddesi, Keskin Kalem [&hellip;]<\/p>\n","protected":false},"author":1,"featured_media":0,"parent":0,"menu_order":0,"comment_status":"closed","ping_status":"closed","template":"","meta":{"footnotes":""},"class_list":["post-24","page","type-page","status-publish","hentry"],"_links":{"self":[{"href":"https:\/\/elmadaghukuk.com\/en\/wp-json\/wp\/v2\/pages\/24","targetHints":{"allow":["GET"]}}],"collection":[{"href":"https:\/\/elmadaghukuk.com\/en\/wp-json\/wp\/v2\/pages"}],"about":[{"href":"https:\/\/elmadaghukuk.com\/en\/wp-json\/wp\/v2\/types\/page"}],"author":[{"embeddable":true,"href":"https:\/\/elmadaghukuk.com\/en\/wp-json\/wp\/v2\/users\/1"}],"replies":[{"embeddable":true,"href":"https:\/\/elmadaghukuk.com\/en\/wp-json\/wp\/v2\/comments?post=24"}],"version-history":[{"count":19,"href":"https:\/\/elmadaghukuk.com\/en\/wp-json\/wp\/v2\/pages\/24\/revisions"}],"predecessor-version":[{"id":7582,"href":"https:\/\/elmadaghukuk.com\/en\/wp-json\/wp\/v2\/pages\/24\/revisions\/7582"}],"wp:attachment":[{"href":"https:\/\/elmadaghukuk.com\/en\/wp-json\/wp\/v2\/media?parent=24"}],"curies":[{"name":"wp","href":"https:\/\/api.w.org\/{rel}","templated":true}]}}