{"id":3562,"date":"2022-05-08T04:28:45","date_gmt":"2022-05-08T04:28:45","guid":{"rendered":"https:\/\/elmadaghukuk.com\/team-member\/"},"modified":"2025-12-14T20:40:00","modified_gmt":"2025-12-14T20:40:00","slug":"our-founders-message","status":"publish","type":"page","link":"https:\/\/elmadaghukuk.com\/en\/our-founders-message\/","title":{"rendered":"Message from our Founder"},"content":{"rendered":"<div data-elementor-type=\"wp-page\" data-elementor-id=\"3562\" class=\"elementor elementor-3562\">\n\t\t\t\t        <section class=\"elementor-section elementor-top-section elementor-element elementor-element-551ecee elementor-section-boxed elementor-section-height-default elementor-section-height-default\" data-id=\"551ecee\" data-element_type=\"section\" data-e-type=\"section\">\n            \n                        <div class=\"elementor-container elementor-column-gap-extended\">\n                    <div class=\"elementor-column elementor-col-100 elementor-top-column elementor-element elementor-element-4a98721\" data-id=\"4a98721\" data-element_type=\"column\" data-e-type=\"column\">\n        <div class=\"elementor-widget-wrap elementor-element-populated\">\n                    \n                <section class=\"elementor-section elementor-inner-section elementor-element elementor-element-5898483 elementor-section-boxed elementor-section-height-default elementor-section-height-default\" data-id=\"5898483\" data-element_type=\"section\" data-e-type=\"section\">\n            \n                        <div class=\"elementor-container elementor-column-gap-extended\">\n                    <div class=\"elementor-column elementor-col-50 elementor-inner-column elementor-element elementor-element-9dc3e8c\" data-id=\"9dc3e8c\" data-element_type=\"column\" data-e-type=\"column\">\n        <div class=\"elementor-widget-wrap elementor-element-populated\">\n                    \n        \t\t<div class=\"elementor-element elementor-element-464517b elementor-widget elementor-widget-ct_image\" data-id=\"464517b\" data-element_type=\"widget\" data-e-type=\"widget\" data-widget_type=\"ct_image.default\">\n\t\t\t\t<div class=\"elementor-widget-container\">\n\t\t\t\t\t<div class=\"ct-image-single\" data-wow-duration=\"1.2s\" data-wow-delay=\"ms\">\r\n                        <img fetchpriority=\"high\" decoding=\"async\" width=\"1706\" height=\"2560\" src=\"https:\/\/elmadaghukuk.com\/wp-content\/uploads\/2025\/10\/ramazan-ariturk-2.remini-enhanced.jpg\" class=\"attachment-full\" alt=\"\" \/>            <\/div>\t\t\t\t<\/div>\n\t\t\t\t<\/div>\n\t\t            <\/div>\n        <\/div>\n                <div class=\"elementor-column elementor-col-50 elementor-inner-column elementor-element elementor-element-5f3cb48\" data-id=\"5f3cb48\" data-element_type=\"column\" data-e-type=\"column\">\n        <div class=\"elementor-widget-wrap elementor-element-populated\">\n                    \n        \t\t<div class=\"elementor-element elementor-element-367292e elementor-widget elementor-widget-ct_heading\" data-id=\"367292e\" data-element_type=\"widget\" data-e-type=\"widget\" data-widget_type=\"ct_heading.default\">\n\t\t\t\t<div class=\"elementor-widget-container\">\n\t\t\t\t\t<div class=\"ct-heading ct-heading-default h-align-\" data-wow-duration=\"1.2s\">\r\n\t<div class=\"ct-heading--inner\">\r\n            \t\t<div class=\"item--sub-title style-default\">\r\n                <span>\r\n                       \r\n                    Founding Partner                            \r\n                <\/span>\r\n            <\/div>\r\n    \t                <h3 class=\"item--title\">\r\n                        Assoc. Prof. Dr. Ramazan Ar\u0131t\u00fcrk        <\/h3>\r\n    <\/div>\r\n<\/div>\t\t\t\t<\/div>\n\t\t\t\t<\/div>\n\t\t\t\t<div class=\"elementor-element elementor-element-a6c9fe0 elementor-widget elementor-widget-ct_text_editor\" data-id=\"a6c9fe0\" data-element_type=\"widget\" data-e-type=\"widget\" data-widget_type=\"ct_text_editor.default\">\n\t\t\t\t<div class=\"elementor-widget-container\">\n\t\t\t\t\t<div id=\"ct_text_editor-a6c9fe0\" class=\"ct-text-editor\">\n\t<div class=\"ct-item--inner\">\n\t\t<div class=\"ct-inline-css\"  data-css=\"\t        \">\n\t    <\/div>\n\t\t<div class=\"ct-text-editor elementor-clearfix\"><p data-start=\"416\" data-end=\"615\">Law is an indispensable phenomenon that makes its presence felt at every stage of a person&#039;s life, from birth to the end, constantly renewing itself in parallel with the pace of societal development, and ensuring the order of life.<\/p><p data-start=\"416\" data-end=\"615\">\u00a0<\/p><p data-start=\"416\" data-end=\"615\">Established in the light of this awareness. <strong data-start=\"646\" data-end=\"682\">Elmada\u011f Law and Consultancy<\/strong>, Since its establishment, it has been able to meet the individual and corporate needs of its clients. <strong data-start=\"779\" data-end=\"822\">current, fast, principled and effective solutions<\/strong> Its core mission is to produce.<\/p><p data-start=\"416\" data-end=\"615\">\u00a0<\/p><p data-start=\"860\" data-end=\"1219\">The legal world is constantly being reshaped by the impact of science, technology, and societal transformation. We must not only follow this change, but also actively participate in it. <strong data-start=\"1010\" data-end=\"1077\">with an understanding that considers it a duty to contribute to the development of law<\/strong> Elmada\u011f Law Firm provides its clients with accurate, reliable, and lasting legal support in every new regulation and practice that emerges.<\/p><p data-start=\"860\" data-end=\"1219\">\u00a0<\/p><p data-start=\"860\" data-end=\"1219\">Since its establishment, <strong data-start=\"1247\" data-end=\"1285\">honesty, trust, knowledge, and experience<\/strong> Guided by these principles, our office engages in long-term collaborations on a national and international scale. <strong data-start=\"1381\" data-end=\"1412\">effective and creative solutions<\/strong> It continues to produce.<\/p><p data-start=\"860\" data-end=\"1219\">\u00a0<\/p><p data-start=\"860\" data-end=\"1219\">Elmada\u011f Law and Consultancy is not just a law firm, but also... <strong data-start=\"1520\" data-end=\"1582\">a think tank that contributes to the development of legal science<\/strong> It operates with the vision of becoming...<\/p><\/div>\n\t<\/div>\n<\/div>\t\t\t\t<\/div>\n\t\t\t\t<\/div>\n\t\t            <\/div>\n        <\/div>\n                    <\/div>\n        <\/section>\n        \t\t<div class=\"elementor-element elementor-element-3cd1805 elementor-widget elementor-widget-ct_text_editor\" data-id=\"3cd1805\" data-element_type=\"widget\" data-e-type=\"widget\" data-widget_type=\"ct_text_editor.default\">\n\t\t\t\t<div class=\"elementor-widget-container\">\n\t\t\t\t\t<div id=\"ct_text_editor-3cd1805\" class=\"ct-text-editor\">\n\t<div class=\"ct-item--inner\">\n\t\t<div class=\"ct-inline-css\"  data-css=\"\t        \">\n\t    <\/div>\n\t\t<div class=\"ct-text-editor elementor-clearfix\"><p data-start=\"1622\" data-end=\"1904\">With the understanding that knowledge should be produced, shared, and transformed into social benefit, it supports academic studies and publishes legal content through the trainings, seminars, and conferences it organizes. <strong data-start=\"1826\" data-end=\"1881\">to the development of law and the strengthening of legal culture<\/strong> It contributes.<\/p><p data-start=\"1906\" data-end=\"2164\">Since 1995, while practicing this noble and honorable profession, our fundamental goal at Elmada\u011f Law Firm has been to serve our clients. <strong data-start=\"2023\" data-end=\"2067\">effective, sustainable and lasting solutions<\/strong> Our aim is to carry our reputation, experience, and principled stance in the legal field into the future.<\/p><p data-start=\"1906\" data-end=\"2164\">\u00a0<\/p><p data-start=\"2166\" data-end=\"2385\"><strong data-start=\"2166\" data-end=\"2190\">Elmada\u011f Law Family<\/strong> As such, under the guidance of our founder, Assoc. Prof. Dr. Ramazan Ar\u0131t\u00fcrk, we continue to add value to the legal world both nationally and internationally, in the light of trust, justice, knowledge, and experience.<\/p><\/div>\n\t<\/div>\n<\/div>\t\t\t\t<\/div>\n\t\t\t\t<\/div>\n\t\t            <\/div>\n        <\/div>\n                    <\/div>\n        <\/section>\n        \t\t<\/div>","protected":false},"excerpt":{"rendered":"<p>Kurucu Ortak Av. Do\u00e7. Dr. Ramazan Ar\u0131t\u00fcrk Hukuk; insan\u0131n do\u011fumundan ya\u015fam\u0131n\u0131n sonuna kadar her a\u015famada varl\u0131\u011f\u0131n\u0131 hissettiren, toplumlar\u0131n geli\u015fim h\u0131z\u0131na paralel olarak s\u00fcrekli yenilenen ve ya\u015fam\u0131n d\u00fczenini sa\u011flayan vazge\u00e7ilmez bir olgudur. Bu bilincin \u0131\u015f\u0131\u011f\u0131nda kurulan Elmada\u011f Avukatl\u0131k ve Dan\u0131\u015fmanl\u0131k, kurulu\u015fundan itibaren m\u00fcvekkillerinin bireysel ve kurumsal ihtiya\u00e7lar\u0131na cevap verebilmek i\u00e7in g\u00fcncel, h\u0131zl\u0131, ilkeli ve etkin \u00e7\u00f6z\u00fcmler [&hellip;]<\/p>\n","protected":false},"author":1,"featured_media":0,"parent":0,"menu_order":0,"comment_status":"closed","ping_status":"closed","template":"","meta":{"footnotes":""},"class_list":["post-3562","page","type-page","status-publish","hentry"],"_links":{"self":[{"href":"https:\/\/elmadaghukuk.com\/en\/wp-json\/wp\/v2\/pages\/3562","targetHints":{"allow":["GET"]}}],"collection":[{"href":"https:\/\/elmadaghukuk.com\/en\/wp-json\/wp\/v2\/pages"}],"about":[{"href":"https:\/\/elmadaghukuk.com\/en\/wp-json\/wp\/v2\/types\/page"}],"author":[{"embeddable":true,"href":"https:\/\/elmadaghukuk.com\/en\/wp-json\/wp\/v2\/users\/1"}],"replies":[{"embeddable":true,"href":"https:\/\/elmadaghukuk.com\/en\/wp-json\/wp\/v2\/comments?post=3562"}],"version-history":[{"count":11,"href":"https:\/\/elmadaghukuk.com\/en\/wp-json\/wp\/v2\/pages\/3562\/revisions"}],"predecessor-version":[{"id":7277,"href":"https:\/\/elmadaghukuk.com\/en\/wp-json\/wp\/v2\/pages\/3562\/revisions\/7277"}],"wp:attachment":[{"href":"https:\/\/elmadaghukuk.com\/en\/wp-json\/wp\/v2\/media?parent=3562"}],"curies":[{"name":"wp","href":"https:\/\/api.w.org\/{rel}","templated":true}]}}